{"id":334,"date":"2018-11-18T09:56:26","date_gmt":"2018-11-18T09:56:26","guid":{"rendered":"http:\/\/pluginspoint.com\/dustrial\/?page_id=334"},"modified":"2026-02-15T08:47:02","modified_gmt":"2026-02-15T08:47:02","slug":"nosotros","status":"publish","type":"page","link":"https:\/\/raincainc.com\/qa\/nosotros\/","title":{"rendered":"Nosotros"},"content":{"rendered":"<div class=\"wpb-content-wrapper\"><p>[vc_row css=&#8221;.vc_custom_1769398859612{padding-top: 60px !important;padding-bottom: 15px !important;}&#8221;][vc_column width=&#8221;1\/2&#8243; css=&#8221;.vc_custom_1545815615488{padding-top: 40px !important;}&#8221;][vc_tta_accordion][vc_tta_section title=&#8221;Nuestra Misi\u00f3n&#8221; tab_id=&#8221;1545815887786-0c10bad3-b8fb&#8221;][vc_column_text css=&#8221;&#8221;]Garantizar la continuidad, confiabilidad y eficiencia de las operaciones industriales y energ\u00e9ticas mediante servicios de mantenimiento especializado, soluciones integrales, ingenier\u00eda y log\u00edstica operativa, ejecutados con excelencia t\u00e9cnica, seguridad, sostenibilidad e innovaci\u00f3n; impulsando el desarrollo del talento, la cultura de servicio y la confianza duradera de nuestros clientes y aliados.[\/vc_column_text][\/vc_tta_section][vc_tta_section title=&#8221;Nuestra Visi\u00f3n&#8221; tab_id=&#8221;1545815887826-875bdcbf-c4ed&#8221;][vc_column_text css=&#8221;&#8221;]Consolidarse como una empresa de referencia nacional e internacional, reconocida por su excelencia operativa, innovaci\u00f3n, compromiso con la seguridad y la calidad del servicio, orientada a generar valor sostenible y alianzas de largo plazo con clientes, trabajadores y comunidades.[\/vc_column_text][\/vc_tta_section][vc_tta_section title=&#8221;Nuestros Valores&#8221; tab_id=&#8221;1545815942751-5c8b5562-0b83&#8243;][vc_column_text css=&#8221;&#8221;]<\/p>\n<ol>\n<li><strong>Seguridad y Sostenibilidad<\/strong><\/li>\n<li><strong>Calidad y Eficiencia<\/strong><\/li>\n<li><strong>Cliente (Interno y Externo)<\/strong><\/li>\n<li><strong>Integridad y Transparencia<\/strong><\/li>\n<li><strong>Responsabilidad<\/strong><\/li>\n<li><strong>Respeto y Diversidad<\/strong><\/li>\n<li><strong>Trabajo en Equipo y Sinergia<\/strong><\/li>\n<li><strong>Compromiso<\/strong><\/li>\n<li><strong>Innovaci\u00f3n y Flexibilidad<\/strong><\/li>\n<li><strong>Excelencia<\/strong><\/li>\n<\/ol>\n<p>[\/vc_column_text][\/vc_tta_section][vc_tta_section title=&#8221;Pol\u00edtica de Calidad&#8221; tab_id=&#8221;1769395511184-8ba32778-d118&#8243;][vc_column_text css=&#8221;&#8221;]Nuestra pol\u00edtica es alcanzar el <strong data-start=\"1647\" data-end=\"1674\">m\u00e1ximo nivel de calidad<\/strong> en el servicio, mediante la optimizaci\u00f3n permanente de procesos y la estandarizaci\u00f3n operativa, para garantizar resultados verificables y satisfacci\u00f3n del cliente.[\/vc_column_text][\/vc_tta_section][vc_tta_section title=&#8221;ISO 9001 \/ ISO 45001\/ SIHO-A&#8221; tab_id=&#8221;1545815963671-a2dd8a52-831d&#8221;][vc_column_text css=&#8221;&#8221;]<\/p>\n<p data-start=\"2192\" data-end=\"2404\">Operamos bajo estrictos est\u00e1ndares legales, contractuales y regulatorios, garantizando transparencia, trazabilidad y confianza para clientes corporativos nacionales e internacionales.<\/p>\n<p data-start=\"2406\" data-end=\"2501\"><strong data-start=\"2406\" data-end=\"2428\">ISO 9001 \u2013 Calidad<\/strong><br data-start=\"2428\" data-end=\"2431\" \/>Procesos orientados a resultados consistentes, controlados y medibles.<\/p>\n<p data-start=\"2503\" data-end=\"2619\"><strong data-start=\"2503\" data-end=\"2537\">ISO 45001 \/ SIHO-A \u2013 Seguridad<\/strong><br data-start=\"2537\" data-end=\"2540\" \/>La seguridad es primero, siempre. Protegemos la vida, los activos y el entorno.<\/p>\n<p>.[\/vc_column_text][\/vc_tta_section][vc_tta_section title=&#8221;Pol\u00edtica de Seguridad y Salud Laboral (HSE)&#8221; tab_id=&#8221;1769565325739-84af4edd-ede9&#8243;][vc_column_text css=&#8221;&#8221;]En RAINCA desarrollamos actividades de forma <strong data-start=\"1974\" data-end=\"2011\">planificada, segura y responsable<\/strong>, priorizando la protecci\u00f3n de nuestro recurso humano, el medio ambiente, el cliente y la comunidad.<br data-start=\"2111\" data-end=\"2114\" \/>Nos comprometemos a <strong data-start=\"2134\" data-end=\"2155\">minimizar riesgos<\/strong>, identificar peligros, establecer medidas preventivas, buscar <strong data-start=\"2218\" data-end=\"2237\">cero accidentes<\/strong> y cumplir con la legislaci\u00f3n aplicable y lineamientos exigidos por nuestros clientes, reforzando la <strong data-start=\"2338\" data-end=\"2357\">mejora continua<\/strong> mediante auditor\u00edas peri\u00f3dicas.[\/vc_column_text][\/vc_tta_section][\/vc_tta_accordion][\/vc_column][vc_column css_animation=&#8221;fadeInUp&#8221; width=&#8221;1\/2&#8243; el_class=&#8221;about-faq&#8221; css=&#8221;.vc_custom_1545996747838{padding-top: 40px !important;padding-bottom: 15px !important;}&#8221;][vc_row_inner][vc_column_inner width=&#8221;1\/2&#8243;][vc_single_image image=&#8221;2263&#8243; img_size=&#8221;full&#8221; alignment=&#8221;center&#8221; css_animation=&#8221;fadeIn&#8221; css=&#8221;.vc_custom_1769396439012{margin-bottom: 25px !important;}&#8221;][\/vc_column_inner][vc_column_inner width=&#8221;1\/2&#8243;][vc_single_image image=&#8221;2271&#8243; img_size=&#8221;full&#8221; alignment=&#8221;center&#8221; css_animation=&#8221;fadeIn&#8221; css=&#8221;.vc_custom_1771145209653{margin-bottom: 25px !important;}&#8221;][\/vc_column_inner][\/vc_row_inner][vc_column_text css_animation=&#8221;fadeInUp&#8221; css=&#8221;.vc_custom_1769469710169{margin-bottom: 0px !important;}&#8221;]<\/p>\n<h2 data-start=\"2669\" data-end=\"2744\"><strong data-start=\"2669\" data-end=\"2744\">Soluciones t\u00e9cnicas en campo para operaciones industriales y petroleras.<\/strong><\/h2>\n<p>RAINCA naci\u00f3 hace m\u00e1s de 24 a\u00f1os como un proyecto familiar impulsado por el esfuerzo, la responsabilidad y el deseo de servir con excelencia.<br \/>\nSu crecimiento ha sido el resultado de la constancia, el compromiso y una filosof\u00eda clara: <strong>hacer las cosas bien, con calidad y seguridad.<\/strong><\/p>\n<p>Hoy la empresa vive una nueva etapa de transformaci\u00f3n, reorganizando su estructura para fortalecer la gesti\u00f3n y avanzar hacia la implementaci\u00f3n de un <strong>Sistema Integrado de Calidad y Seguridad (SIHO-A)<\/strong>, alineado con est\u00e1ndares internacionales ISO.<\/p>\n<p>Con un equipo comprometido, procesos en evoluci\u00f3n y una visi\u00f3n de clase mundial, RAINCA reafirma su prop\u00f3sito de seguir siendo una organizaci\u00f3n confiable, responsable y enfocada en la mejora continua.[\/vc_column_text][\/vc_column][\/vc_row][vc_row css=&#8221;.vc_custom_1769398880986{margin-top: 0px !important;padding-top: 15px !important;}&#8221;][vc_column][vc_separator css=&#8221;&#8221;]\n    <div class=\" dustrial-stitle-6a05c8fa1fd05 section-title  wow fadeIn\">\n              <div class=\"section-thumb\"><img decoding=\"async\" src=\"https:\/\/raincainc.com\/qa\/wp-content\/uploads\/2019\/01\/title-icon-1-2.png\" alt=\"title icon\"><\/div>\n            <div class=\"section-body \">\n        <h6 class=\"sub-title activeColor\">Nuestra<\/h6>\n        <h3 class=\"m-0 main-title\">Propuesta de Valor<\/h3>\n      <\/div>\n    <\/div>\n\n  [\/vc_column][\/vc_row][vc_row css=&#8221;.vc_custom_1545817645391{padding-bottom: 39px !important;}&#8221;][vc_column width=&#8221;1\/2&#8243; css=&#8221;.vc_custom_1545817426227{padding-bottom: 50px !important;}&#8221;][vc_progress_bar values=&#8221;%5B%7B%22label%22%3A%22Seguridad%20y%20Control%20de%20Riesgos%20(HSE)%22%2C%22value%22%3A%22100%22%7D%2C%7B%22label%22%3A%22Continuidad%20Operativa%20y%20Respuesta%20en%20Campo%22%2C%22value%22%3A%22100%22%7D%2C%7B%22label%22%3A%22Calidad%20y%20Cumplimiento%20Normativo%22%2C%22value%22%3A%22100%22%7D%2C%7B%22label%22%3A%22Supervisi%C3%B3n%20T%C3%A9cnica%20y%20Trazabilidad%22%2C%22value%22%3A%22100%22%7D%2C%7B%22label%22%3A%22Eficiencia%20Operativa%20y%20Confiabilidad%22%2C%22value%22%3A%22100%22%7D%2C%7B%22label%22%3A%22ISO%209001%20%E2%80%93%20Calidad%20-%20ISO%2045001%20%2F%20SIHO-A%20%E2%80%93%20Seguridad%22%2C%22value%22%3A%22100%22%7D%5D&#8221; css=&#8221;&#8221; units=&#8221;%&#8221;][\/vc_column][vc_column width=&#8221;1\/2&#8243; css=&#8221;.vc_custom_1545817438068{padding-bottom: 50px !important;}&#8221;]\n    <div class=\"dustrial-picons-6a05c8fa1ff7b  media wow fadeInUp\">\n            <div class=\"company-icon\">\n        <i class=\"dustrial-icon flaticon-gloves\"><\/i>\n      <\/div>\n            <div class=\"media-body\">\n        <div>\n          <h6 class=\"mb-1 sub-title\">Operaci\u00f3n Segura (HSE)<\/h6>\n          <p class=\"m-0\">Ejecutamos servicios bajo procedimientos estandarizados, control de riesgos y cultura de seguridad, priorizando la integridad del personal y las instalaciones.<\/p>\n        <\/div>\n      <\/div>\n          <\/div>\n    \n  \n  \n    <div class=\"dustrial-picons-6a05c8fa1ff94  media wow fadeInUp\">\n            <div class=\"company-icon\">\n        <i class=\"dustrial-icon flaticon-wheel\"><\/i>\n      <\/div>\n            <div class=\"media-body\">\n        <div>\n          <h6 class=\"mb-1 sub-title\">Ejecuci\u00f3n con Control y Calidad<\/h6>\n          <p class=\"m-0\">Supervisi\u00f3n t\u00e9cnica en campo, control de calidad por etapas y verificaci\u00f3n de resultados para asegurar cumplimiento de especificaciones operativas.<\/p>\n        <\/div>\n      <\/div>\n          <\/div>\n    \n  \n  \n    <div class=\"dustrial-picons-6a05c8fa1ffa2  media wow fadeInUp\">\n            <div class=\"company-icon\">\n        <i class=\"dustrial-icon flaticon-solution\"><\/i>\n      <\/div>\n            <div class=\"media-body\">\n        <div>\n          <h6 class=\"mb-1 sub-title\">Confiabilidad y Mejora Continua<\/h6>\n          <p class=\"m-0\">Enfocamos cada intervenci\u00f3n en reducir paradas no programadas, mejorar desempe\u00f1o de equipos y sostener resultados medibles en operaci\u00f3n.<\/p>\n        <\/div>\n      <\/div>\n          <\/div>\n    \n  \n  [\/vc_column][\/vc_row][vc_row full_width=&#8221;stretch_row&#8221; css=&#8221;.vc_custom_1590734130038{padding-top: 75px !important;padding-bottom: 80px !important;background-image: url(http:\/\/pluginspoint.com\/dustrialwp\/wp-content\/uploads\/2020\/05\/dark-call-action-image.jpg?id=2236) !important;background-position: center !important;background-repeat: no-repeat !important;background-size: cover !important;}&#8221; el_class=&#8221;call-to-action bg-black-overlay&#8221;][vc_column css=&#8221;.vc_custom_1680763943802{padding-top: 0px !important;padding-right: 0px !important;padding-left: 0px !important;}&#8221;] \n    <div class=\"call-to-action-sections default-style text-center\">\n      <div class=\"call_to_action_title wow fadeInUp\">\n        <h2>M\u00e1s de 25 a\u00f1os apoyando la continuidad operativa del sector industrial y petrolero.<\/h2>\n        <p>Servicios ejecutados bajo est\u00e1ndares t\u00e9cnicos, enfoque HSE y control operativo en cada etapa del proyecto.<\/p>\n      <\/div>\n      <div class=\"call_to_action_btns wow fadeInUp\">\n        <a href=\"#\" class=\"btn call_to_action_btn\">Contactar<\/a>\n      <\/div>\n    <\/div>\n  \n[\/vc_column][\/vc_row]<\/p>\n<\/div>","protected":false},"excerpt":{"rendered":"<p>[vc_row css=&#8221;.vc_custom_1769398859612{padding-top: 60px !important;padding-bottom: 15px !important;}&#8221;][vc_column width=&#8221;1\/2&#8243; css=&#8221;.vc_custom_1545815615488{padding-top: 40px !important;}&#8221;][vc_tta_accordion][vc_tta_section title=&#8221;Nuestra Misi\u00f3n&#8221; tab_id=&#8221;1545815887786-0c10bad3-b8fb&#8221;][vc_column_text css=&#8221;&#8221;]Garantizar la continuidad, confiabilidad y eficiencia de las operaciones industriales y energ\u00e9ticas mediante servicios de mantenimiento especializado, soluciones integrales, ingenier\u00eda y log\u00edstica operativa, ejecutados con excelencia t\u00e9cnica, seguridad, sostenibilidad e innovaci\u00f3n; impulsando el desarrollo del talento, la cultura de servicio y la [&hellip;]<\/p>\n","protected":false},"author":1,"featured_media":0,"parent":0,"menu_order":0,"comment_status":"closed","ping_status":"closed","template":"page-template\/blank-page.php","meta":{"_crdt_document":"","footnotes":""},"class_list":["post-334","page","type-page","status-publish","hentry"],"_links":{"self":[{"href":"https:\/\/raincainc.com\/qa\/wp-json\/wp\/v2\/pages\/334","targetHints":{"allow":["GET"]}}],"collection":[{"href":"https:\/\/raincainc.com\/qa\/wp-json\/wp\/v2\/pages"}],"about":[{"href":"https:\/\/raincainc.com\/qa\/wp-json\/wp\/v2\/types\/page"}],"author":[{"embeddable":true,"href":"https:\/\/raincainc.com\/qa\/wp-json\/wp\/v2\/users\/1"}],"replies":[{"embeddable":true,"href":"https:\/\/raincainc.com\/qa\/wp-json\/wp\/v2\/comments?post=334"}],"version-history":[{"count":14,"href":"https:\/\/raincainc.com\/qa\/wp-json\/wp\/v2\/pages\/334\/revisions"}],"predecessor-version":[{"id":2527,"href":"https:\/\/raincainc.com\/qa\/wp-json\/wp\/v2\/pages\/334\/revisions\/2527"}],"wp:attachment":[{"href":"https:\/\/raincainc.com\/qa\/wp-json\/wp\/v2\/media?parent=334"}],"curies":[{"name":"wp","href":"https:\/\/api.w.org\/{rel}","templated":true}]}}